{"id":768,"date":"2025-08-29T17:14:18","date_gmt":"2025-08-29T17:14:18","guid":{"rendered":"https:\/\/castle-canada.dd.catchdrive.dev\/index.php\/home-2\/"},"modified":"2025-09-22T19:09:04","modified_gmt":"2025-09-22T19:09:04","slug":"home-2","status":"publish","type":"page","link":"http:\/\/castle-canada.dd.catchdrive.dev\/en\/","title":{"rendered":"Home"},"content":{"rendered":"<p>[et_pb_section fb_built=&#8221;1&#8243; custom_padding_last_edited=&#8221;on|phone&#8221; _builder_version=&#8221;4.25.1&#8243; _module_preset=&#8221;default&#8221; background_enable_color=&#8221;off&#8221; use_background_color_gradient=&#8221;on&#8221; background_color_gradient_direction=&#8221;90deg&#8221; background_color_gradient_stops=&#8221;#e02b20 0%|gcid-primary-color 63%|#0c71c3 100%&#8221; background_image=&#8221;https:\/\/castlemx.dd.catchdrive.dev\/wp-content\/uploads\/2024\/06\/AdobeStock_359564110-scaled.jpeg&#8221; background_blend=&#8221;multiply&#8221; positioning=&#8221;none&#8221; min_height=&#8221;500px&#8221; custom_padding=&#8221;|10vw||10vw|false|false&#8221; custom_padding_tablet=&#8221;|10vw||10vw|false|false&#8221; custom_padding_phone=&#8221;|10vw||10vw|false|false&#8221; custom_css_main_element=&#8221;display: flex;||flex-direction: row!important;||align-items: flex-start!important;||justify-content: flex-start!important;&#8221; locked=&#8221;off&#8221; global_colors_info=&#8221;{%22gcid-primary-color%22:%91%22background_color_gradient_stops%22%93}&#8221;][et_pb_row _builder_version=&#8221;4.25.1&#8243; _module_preset=&#8221;default&#8221; background_enable_color=&#8221;off&#8221; width=&#8221;65%&#8221; width_tablet=&#8221;65%&#8221; width_phone=&#8221;100%&#8221; width_last_edited=&#8221;on|phone&#8221; global_colors_info=&#8221;{}&#8221;][et_pb_column type=&#8221;4_4&#8243; _builder_version=&#8221;4.25.1&#8243; _module_preset=&#8221;default&#8221; global_colors_info=&#8221;{}&#8221;][et_pb_text _builder_version=&#8221;4.25.1&#8243; _module_preset=&#8221;default&#8221; header_font=&#8221;|700|||||||&#8221; header_text_align=&#8221;center&#8221; header_text_color=&#8221;#ffffff&#8221; header_font_size=&#8221;45px&#8221; global_colors_info=&#8221;{}&#8221;]<\/p>\n<h1><span><span class=\"ui-provider a b c d e f g h i j k l m n o p q r s t u v w x y z ab ac ae af ag ah ai aj ak\" dir=\"ltr\" _msttexthash=\"934869\" _msthash=\"1745\"><b>A. M. Castle &amp; Co. Canada \u2013 Precision Metals for Industrial Performance <\/b><\/span><\/span><\/h1>\n<p>[\/et_pb_text][\/et_pb_column][\/et_pb_row][\/et_pb_section][et_pb_section fb_built=&#8221;1&#8243; admin_label=&#8221;Section&#8221; _builder_version=&#8221;4.25.1&#8243; _module_preset=&#8221;default&#8221; locked=&#8221;off&#8221; global_colors_info=&#8221;{}&#8221;][et_pb_row _builder_version=&#8221;4.25.1&#8243; _module_preset=&#8221;default&#8221; custom_padding=&#8221;5px||0px|||&#8221; custom_css_main_element=&#8221;display: flex;||align-items: center;&#8221; global_colors_info=&#8221;{}&#8221; custom_css_main_element_last_edited=&#8221;on|phone&#8221; custom_css_main_element_phone=&#8221;display: flex;||flex-direction: column;&#8221; custom_css_main_element_tablet=&#8221;display: flex;||align-items: center;&#8221;][et_pb_column type=&#8221;4_4&#8243; _builder_version=&#8221;4.25.1&#8243; _module_preset=&#8221;default&#8221; global_colors_info=&#8221;{}&#8221;][et_pb_text _builder_version=&#8221;4.25.1&#8243; _module_preset=&#8221;default&#8221; text_font=&#8221;Play||||||||&#8221; text_text_color=&#8221;#000000&#8243; global_colors_info=&#8221;{}&#8221;]<\/p>\n<p><span style=\"font-weight: 400;\">A. M. Castle &amp; Co. Canada is your trusted supplier of stainless steel, alloy bar, and carbon TGP bar, serving a wide range of industries across Canada. From mining and agriculture to transportation, oil and gas, and now steel mill maintenance and repair, we deliver high-strength, precision-machined metals that meet the performance demands of today\u2019s toughest industrial environments.  <\/span><\/p>\n<p><span style=\"font-weight: 400;\">With a deep inventory, value-added services, and expert support, A. M. Castle &amp; Co. Canada provides metal solutions built to power Canada&#8217;s infrastructure, manufacturing, and resource sectors. <\/span><\/p>\n<p>[\/et_pb_text][\/et_pb_column][\/et_pb_row][\/et_pb_section][et_pb_section fb_built=&#8221;1&#8243; _builder_version=&#8221;4.25.1&#8243; _module_preset=&#8221;default&#8221; background_color=&#8221;#f6911e&#8221; use_background_color_gradient=&#8221;on&#8221; background_color_gradient_direction=&#8221;286deg&#8221; background_color_gradient_stops=&#8221;#f98a39 0%|#f96800 100%&#8221; background_image=&#8221;https:\/\/castlemx.dd.catchdrive.dev\/wp-content\/uploads\/2024\/06\/castle.png&#8221; locked=&#8221;off&#8221; global_colors_info=&#8221;{}&#8221;][et_pb_row make_equal=&#8221;on&#8221; _builder_version=&#8221;4.25.1&#8243; _module_preset=&#8221;default&#8221; custom_margin=&#8221;-7px|auto||auto||&#8221; custom_padding=&#8221;9px||26px|||&#8221; global_colors_info=&#8221;{}&#8221;][et_pb_column type=&#8221;4_4&#8243; _builder_version=&#8221;4.25.1&#8243; _module_preset=&#8221;default&#8221; global_colors_info=&#8221;{}&#8221;][et_pb_heading title=&#8221;Alloy Bar Solutions for Heavy Industry and High-Performance Applications&#8221; _builder_version=&#8221;4.25.1&#8243; _module_preset=&#8221;default&#8221; title_font=&#8221;Abel|700||on|||||&#8221; title_text_align=&#8221;center&#8221; title_text_color=&#8221;#FFFFFF&#8221; title_font_size=&#8221;3rem&#8221; global_colors_info=&#8221;{}&#8221;][\/et_pb_heading][\/et_pb_column][\/et_pb_row][et_pb_row column_structure=&#8221;1_2,1_2&#8243; make_equal=&#8221;on&#8221; _builder_version=&#8221;4.25.1&#8243; _module_preset=&#8221;default&#8221; custom_padding=&#8221;0px||22px|||&#8221; global_colors_info=&#8221;{}&#8221;][et_pb_column type=&#8221;1_2&#8243; _builder_version=&#8221;4.25.1&#8243; _module_preset=&#8221;default&#8221; global_colors_info=&#8221;{}&#8221;][et_pb_image src=&#8221;http:\/\/castle-canada.dd.catchdrive.dev\/wp-content\/uploads\/2025\/09\/Bar-Solutions.png&#8221; title_text=&#8221;Bar Solutions&#8221; _builder_version=&#8221;4.25.1&#8243; _module_preset=&#8221;default&#8221; global_colors_info=&#8221;{}&#8221;][\/et_pb_image][\/et_pb_column][et_pb_column type=&#8221;1_2&#8243; _builder_version=&#8221;4.25.1&#8243; _module_preset=&#8221;default&#8221; global_colors_info=&#8221;{}&#8221;][et_pb_text _builder_version=&#8221;4.25.1&#8243; _module_preset=&#8221;default&#8221; text_font=&#8221;Play||||||||&#8221; text_text_color=&#8221;#FFFFFF&#8221; global_colors_info=&#8221;{}&#8221;]<\/p>\n<p><span style=\"font-weight: 400;\">A. M. Castle &amp; Co. Canada is a leading supplier and distributor of high-strength alloy steel bar used in demanding applications across the oil and gas, aerospace, mining, and material handling sectors. <\/span><\/p>\n<p><b>Featured Alloys:<\/b><\/p>\n<ul>\n<li style=\"font-weight: 400;\" aria-level=\"1\"><b>Barre d&#8217;Alliage 4140<\/b><span style=\"font-weight: 400;\"> \u2013 Id\u00e9ale pour les composants de machines, les colliers de forage et les \u00e9quipements agricoles<\/span><\/li>\n<li style=\"font-weight: 400;\" aria-level=\"1\"><b>Barre d&#8217;Alliage 4340<\/b><span style=\"font-weight: 400;\"> \u2013 Haute r\u00e9sistance \u00e0 la traction pour les applications a\u00e9rospatiales et de d\u00e9fense<\/span><\/li>\n<li style=\"font-weight: 400;\" aria-level=\"1\"><b>8620 Alloy Bar \u2013<\/b> <span style=\"font-weight: 400;\">Case-hardening alloy used in industrial gears, shafts, and heavy-duty tools<\/span><\/li>\n<\/ul>\n<p><span style=\"font-weight: 400;\">Our precision-cutting, turning, grinding, and polishing capabilities allow us to supply near-net shape components, reducing customer machining time and overall production costs.<\/span><\/p>\n<p><span style=\"font-weight: 400;\">We are proud to support a growing segment of customers focused on steel mill maintenance and repair, supplying alloy bar stock for rollers, drive components, and critical wear parts that demand high fatigue strength and consistent metallurgical performance.<\/span><\/p>\n<p>[\/et_pb_text][\/et_pb_column][\/et_pb_row][\/et_pb_section][et_pb_section fb_built=&#8221;1&#8243; _builder_version=&#8221;4.25.1&#8243; _module_preset=&#8221;default&#8221; background_color=&#8221;#3c4888&#8243; locked=&#8221;off&#8221; global_colors_info=&#8221;{}&#8221;][et_pb_row make_equal=&#8221;on&#8221; _builder_version=&#8221;4.25.1&#8243; _module_preset=&#8221;default&#8221; custom_padding=&#8221;9px||26px|||&#8221; global_colors_info=&#8221;{}&#8221;][et_pb_column type=&#8221;4_4&#8243; _builder_version=&#8221;4.25.1&#8243; _module_preset=&#8221;default&#8221; global_colors_info=&#8221;{}&#8221;][et_pb_heading title=&#8221;Carbon TGP Bar \u2013 Tight Tolerances, Smooth Surfaces, Ready to Perform&#8221; _builder_version=&#8221;4.25.1&#8243; _module_preset=&#8221;default&#8221; title_font=&#8221;Abel|700||on|||||&#8221; title_text_align=&#8221;center&#8221; title_text_color=&#8221;#FFFFFF&#8221; title_font_size=&#8221;3rem&#8221; global_colors_info=&#8221;{}&#8221;][\/et_pb_heading][\/et_pb_column][\/et_pb_row][et_pb_row column_structure=&#8221;1_2,1_2&#8243; _builder_version=&#8221;4.25.1&#8243; _module_preset=&#8221;default&#8221; custom_padding=&#8221;12px||20px|||&#8221; global_colors_info=&#8221;{}&#8221;][et_pb_column type=&#8221;1_2&#8243; _builder_version=&#8221;4.25.1&#8243; _module_preset=&#8221;default&#8221; global_colors_info=&#8221;{}&#8221;][et_pb_text _builder_version=&#8221;4.25.1&#8243; _module_preset=&#8221;default&#8221; text_font=&#8221;Play||||||||&#8221; text_text_color=&#8221;#FFFFFF&#8221; global_colors_info=&#8221;{}&#8221;]<\/p>\n<p><span style=\"font-weight: 400;\">A. M. Castle &amp; Co. Canada\u2019s Carbon TGP (Turned, Ground, and Polished) Bar products offer reliable straightness, surface finish, and dimensional precision\u2014making them ideal for agricultural, transportation, material handling, and industrial machinery applications. <\/span><\/p>\n<p><b>Popular Grades:<\/b><\/p>\n<ul>\n<li style=\"font-weight: 400;\" aria-level=\"1\"><b>1045 Carbon TGP Bar <\/b>\u2013 <span style=\"font-weight: 400;\">Medium carbon steel used in agricultural machinery, shafts, and pins<\/span><\/li>\n<li style=\"font-weight: 400;\" aria-level=\"1\"><b>4140 Alloy TGP Bar \u2013<\/b> <span style=\"font-weight: 400;\">Combines strength and machinability, frequently used in oilfield and heavy equipment<\/span><\/li>\n<\/ul>\n<p><span style=\"font-weight: 400;\">Whether you&#8217;re machining precision pins or producing custom transportation components, our TGP bars offer the flatness, roundness, and surface quality needed to streamline your operation.<\/span><\/p>\n<p><span style=\"font-weight: 400;\">We offer complete turning, grinding, and polishing services to match your specs.<\/span><\/p>\n<p>[\/et_pb_text][\/et_pb_column][et_pb_column type=&#8221;1_2&#8243; _builder_version=&#8221;4.25.1&#8243; _module_preset=&#8221;default&#8221; global_colors_info=&#8221;{}&#8221;][et_pb_image src=&#8221;http:\/\/castle-canada.dd.catchdrive.dev\/wp-content\/uploads\/2025\/09\/Carbon-TGP-Bar.png&#8221; title_text=&#8221;Carbon TGP Bar&#8221; _builder_version=&#8221;4.25.1&#8243; _module_preset=&#8221;default&#8221; global_colors_info=&#8221;{}&#8221;][\/et_pb_image][\/et_pb_column][\/et_pb_row][\/et_pb_section][et_pb_section fb_built=&#8221;1&#8243; _builder_version=&#8221;4.25.1&#8243; _module_preset=&#8221;default&#8221; background_color=&#8221;#b12424&#8243; locked=&#8221;off&#8221; global_colors_info=&#8221;{}&#8221;][et_pb_row make_equal=&#8221;on&#8221; _builder_version=&#8221;4.25.1&#8243; _module_preset=&#8221;default&#8221; custom_margin=&#8221;-6px|auto||auto||&#8221; custom_padding=&#8221;9px||26px|||&#8221; global_colors_info=&#8221;{}&#8221;][et_pb_column type=&#8221;4_4&#8243; _builder_version=&#8221;4.25.1&#8243; _module_preset=&#8221;default&#8221; global_colors_info=&#8221;{}&#8221;][et_pb_heading title=&#8221;Stainless Steel Bar Products for Precision, Performance &#038; Durability&#8221; _builder_version=&#8221;4.25.1&#8243; _module_preset=&#8221;default&#8221; title_font=&#8221;Abel|700||on|||||&#8221; title_text_align=&#8221;center&#8221; title_text_color=&#8221;#FFFFFF&#8221; title_font_size=&#8221;3rem&#8221; global_colors_info=&#8221;{}&#8221;][\/et_pb_heading][\/et_pb_column][\/et_pb_row][et_pb_row column_structure=&#8221;1_2,1_2&#8243; _builder_version=&#8221;4.25.1&#8243; _module_preset=&#8221;default&#8221; custom_padding=&#8221;8px||0px|||&#8221; global_colors_info=&#8221;{}&#8221;][et_pb_column type=&#8221;1_2&#8243; _builder_version=&#8221;4.25.1&#8243; _module_preset=&#8221;default&#8221; global_colors_info=&#8221;{}&#8221;][et_pb_image src=&#8221;http:\/\/castle-canada.dd.catchdrive.dev\/wp-content\/uploads\/2025\/09\/Stainless-Steel.png&#8221; title_text=&#8221;Stainless Steel&#8221; _builder_version=&#8221;4.25.1&#8243; _module_preset=&#8221;default&#8221; global_colors_info=&#8221;{}&#8221;][\/et_pb_image][\/et_pb_column][et_pb_column type=&#8221;1_2&#8243; _builder_version=&#8221;4.25.1&#8243; _module_preset=&#8221;default&#8221; global_colors_info=&#8221;{}&#8221;][et_pb_text _builder_version=&#8221;4.25.1&#8243; _module_preset=&#8221;default&#8221; text_font=&#8221;Play||||||||&#8221; text_text_color=&#8221;#FFFFFF&#8221; global_colors_info=&#8221;{}&#8221;]<\/p>\n<p><span style=\"font-weight: 400;\">Our stainless steel bar inventory includes a full range of grades and sizes for industries such as food processing, medical equipment, defense, and transportation. We specialize in materials that offer corrosion resistance, machinability, and structural strength for both sanitary and high-load environments. <\/span><\/p>\n<p><b>Available Grades:<\/b><\/p>\n<ul>\n<li style=\"font-weight: 400;\" aria-level=\"1\"><b>303 Stainless Bar<\/b> \u2013 <span style=\"font-weight: 400;\">Excellent machinability for manufacturing and machining shops<\/span><\/li>\n<li style=\"font-weight: 400;\" aria-level=\"1\"><b>304 Stainless Bar <\/b>\u2013 <span style=\"font-weight: 400;\">Widely used in food-grade equipment and general-purpose fabrication<\/span><\/li>\n<li style=\"font-weight: 400;\" aria-level=\"1\"><b>316 Stainless Bar<\/b> \u2013 <span style=\"font-weight: 400;\">Superior corrosion resistance for medical and chemical applications<\/span><\/li>\n<li style=\"font-weight: 400;\" aria-level=\"1\"><b>17Cr-4Ni Stainless Steel (17-4 PH)<\/b> \u2013 <span style=\"font-weight: 400;\">High-strength, corrosion-resistant stainless used in precision aerospace and defense parts<\/span><\/li>\n<\/ul>\n<p><span style=\"font-weight: 400;\">We provide polishing, grinding, and turning services to support custom specifications and ensure optimal surface finish for critical applications.<\/span><\/p>\n<p>[\/et_pb_text][\/et_pb_column][\/et_pb_row][\/et_pb_section][et_pb_section fb_built=&#8221;1&#8243; _builder_version=&#8221;4.25.1&#8243; _module_preset=&#8221;default&#8221; background_color=&#8221;#3c4888&#8243; custom_padding=&#8221;16px|||||&#8221; locked=&#8221;off&#8221; global_colors_info=&#8221;{}&#8221;][et_pb_row make_equal=&#8221;on&#8221; _builder_version=&#8221;4.25.1&#8243; _module_preset=&#8221;default&#8221; custom_margin=&#8221;-6px|auto||auto||&#8221; custom_padding=&#8221;9px||26px|||&#8221; global_colors_info=&#8221;{}&#8221;][et_pb_column type=&#8221;4_4&#8243; _builder_version=&#8221;4.25.1&#8243; _module_preset=&#8221;default&#8221; global_colors_info=&#8221;{}&#8221;][et_pb_heading title=&#8221;Diverse Industries Served Across Canada&#8221; _builder_version=&#8221;4.25.1&#8243; _module_preset=&#8221;default&#8221; title_font=&#8221;Abel|700||on|||||&#8221; title_text_align=&#8221;center&#8221; title_text_color=&#8221;#FFFFFF&#8221; title_font_size=&#8221;3rem&#8221; global_colors_info=&#8221;{}&#8221;][\/et_pb_heading][\/et_pb_column][\/et_pb_row][et_pb_row _builder_version=&#8221;4.25.1&#8243; _module_preset=&#8221;default&#8221; custom_margin=&#8221;-28px|auto||auto||&#8221; custom_padding=&#8221;14px||4px|||&#8221; global_colors_info=&#8221;{}&#8221;][et_pb_column type=&#8221;4_4&#8243; _builder_version=&#8221;4.25.1&#8243; _module_preset=&#8221;default&#8221; global_colors_info=&#8221;{}&#8221;][et_pb_image src=&#8221;http:\/\/castle-canada.dd.catchdrive.dev\/wp-content\/uploads\/2025\/09\/Diverse-industries-scaled.png&#8221; title_text=&#8221;Diverse industries&#8221; _builder_version=&#8221;4.25.1&#8243; _module_preset=&#8221;default&#8221; custom_margin=&#8221;3px|||||&#8221; global_colors_info=&#8221;{}&#8221;][\/et_pb_image][et_pb_text _builder_version=&#8221;4.25.1&#8243; _module_preset=&#8221;default&#8221; text_font=&#8221;Play||||||||&#8221; text_text_color=&#8221;#FFFFFF&#8221; global_colors_info=&#8221;{}&#8221;]<\/p>\n<p><span style=\"font-weight: 400;\">With strategic reach across the Canadian market, A. M. Castle &amp; Co. Canada serves a diverse customer base with specialty metals and technical support tailored to each sector:<br \/> <\/span><\/p>\n<ul>\n<li style=\"font-weight: 400;\" aria-level=\"1\"><span style=\"font-weight: 400;\">Industrial Equipment Manufacturing<\/span><\/li>\n<li style=\"font-weight: 400;\" aria-level=\"1\"><span style=\"font-weight: 400;\">Mining and Natural Resources<\/span><\/li>\n<li style=\"font-weight: 400;\" aria-level=\"1\"><span style=\"font-weight: 400;\">Agriculture and Farm Equipment<\/span><\/li>\n<li style=\"font-weight: 400;\" aria-level=\"1\"><span style=\"font-weight: 400;\">Oil and Gas Production and Refining<\/span><\/li>\n<li style=\"font-weight: 400;\" aria-level=\"1\"><span style=\"font-weight: 400;\">Food Processing Equipment<\/span><\/li>\n<li style=\"font-weight: 400;\" aria-level=\"1\"><span style=\"font-weight: 400;\">\u00c9quipements de Transformation des Aliments<\/span><\/li>\n<li style=\"font-weight: 400;\" aria-level=\"1\"><span style=\"font-weight: 400;\">Steel Mill Repair and Maintenance<\/span><\/li>\n<li style=\"font-weight: 400;\" aria-level=\"1\"><span style=\"font-weight: 400;\">Defense and Military Applications<\/span><\/li>\n<li style=\"font-weight: 400;\" aria-level=\"1\"><span style=\"font-weight: 400;\">Commercial and Rail Transportation<\/span><\/li>\n<\/ul>\n<p><span style=\"font-weight: 400;\">Our ability to deliver both standard and custom-cut material\u2014backed by processing capabilities like turning, grinding, and polishing\u2014makes us a key supplier to customers building the infrastructure and equipment that power the Canadian economy.<\/span><\/p>\n<p>[\/et_pb_text][\/et_pb_column][\/et_pb_row][\/et_pb_section][et_pb_section fb_built=&#8221;1&#8243; _builder_version=&#8221;4.25.1&#8243; _module_preset=&#8221;default&#8221; locked=&#8221;off&#8221; global_colors_info=&#8221;{}&#8221;][et_pb_row make_equal=&#8221;on&#8221; _builder_version=&#8221;4.25.1&#8243; _module_preset=&#8221;default&#8221; custom_margin=&#8221;-6px|auto||auto||&#8221; custom_padding=&#8221;9px||26px|||&#8221; global_colors_info=&#8221;{}&#8221;][et_pb_column type=&#8221;4_4&#8243; _builder_version=&#8221;4.25.1&#8243; _module_preset=&#8221;default&#8221; global_colors_info=&#8221;{}&#8221;][et_pb_heading title=&#8221;Value-Added Services for Complete Supply Chain Support&#8221; _builder_version=&#8221;4.25.1&#8243; _module_preset=&#8221;default&#8221; title_font=&#8221;Abel|&#8211;et_global_body_font_weight|||||||&#8221; title_text_align=&#8221;center&#8221; title_text_color=&#8221;#000000&#8243; title_font_size=&#8221;3rem&#8221; global_colors_info=&#8221;{}&#8221;][\/et_pb_heading][\/et_pb_column][\/et_pb_row][et_pb_row _builder_version=&#8221;4.25.1&#8243; _module_preset=&#8221;default&#8221; custom_padding=&#8221;3px||0px|||&#8221; global_colors_info=&#8221;{}&#8221;][et_pb_column type=&#8221;4_4&#8243; _builder_version=&#8221;4.25.1&#8243; _module_preset=&#8221;default&#8221; global_colors_info=&#8221;{}&#8221;][et_pb_image src=&#8221;http:\/\/castle-canada.dd.catchdrive.dev\/wp-content\/uploads\/2025\/09\/Value-added.png&#8221; title_text=&#8221;Value-added&#8221; _builder_version=&#8221;4.25.1&#8243; _module_preset=&#8221;default&#8221; module_alignment=&#8221;center&#8221; height=&#8221;321px&#8221; global_colors_info=&#8221;{}&#8221;][\/et_pb_image][\/et_pb_column][\/et_pb_row][et_pb_row _builder_version=&#8221;4.25.1&#8243; _module_preset=&#8221;default&#8221; custom_padding=&#8221;1px||20px|||&#8221; global_colors_info=&#8221;{}&#8221;][et_pb_column type=&#8221;4_4&#8243; _builder_version=&#8221;4.25.1&#8243; _module_preset=&#8221;default&#8221; global_colors_info=&#8221;{}&#8221;][et_pb_text _builder_version=&#8221;4.25.1&#8243; _module_preset=&#8221;default&#8221; text_font=&#8221;Play||||||||&#8221; text_text_color=&#8221;#000000&#8243; custom_padding=&#8221;27px|||||&#8221; global_colors_info=&#8221;{}&#8221;]<\/p>\n<p><span style=\"font-weight: 400;\">Our Canadian customers rely on us for more than just metal. A. M. Castle &amp; Co. Canada provides the value-added services that streamline operations, reduce in-house machining time, and ensure reliable product performance.  <\/span><\/p>\n<p><b>Services include:<\/b><\/p>\n<ul>\n<li style=\"font-weight: 400;\" aria-level=\"1\"><b>Precision Saw Cutting<\/b> \u2013 <span style=\"font-weight: 400;\">For rapid delivery of cut-to-length bar<\/span><\/li>\n<li style=\"font-weight: 400;\" aria-level=\"1\"><b>Turning &amp; Machining<\/b> \u2013 <span style=\"font-weight: 400;\">For tolerance-critical or complex bar stock<\/span><\/li>\n<li style=\"font-weight: 400;\" aria-level=\"1\"><b>Centerless Grinding &amp; Polishing<\/b> \u2013 <span style=\"font-weight: 400;\">For high surface finish and dimensional control<\/span><\/li>\n<li style=\"font-weight: 400;\" aria-level=\"1\"><b>Custom Packaging &amp; Logistics<\/b> \u2013 <span style=\"font-weight: 400;\">For bulk deliveries and just-in-time inventory<\/span><\/li>\n<\/ul>\n<p><span style=\"font-weight: 400;\">Notre \u00e9quipe comprend les exigences du paysage industriel canadien et est pr\u00eate \u00e0 s&#8217;associer avec vous pour fournir des m\u00e9taux de performance adapt\u00e9s \u00e0 vos besoins.<\/span><\/p>\n<p>[\/et_pb_text][\/et_pb_column][\/et_pb_row][\/et_pb_section]<\/p>\n","protected":false},"excerpt":{"rendered":"<p>A. M. Castle &amp; Co. Canada \u2013 Precision Metals for Industrial Performance A. M. Castle &amp; Co. Canada is your trusted supplier of stainless steel, alloy bar, and carbon TGP bar, serving a wide range of industries across Canada. From mining and agriculture to transportation, oil and gas, and now steel mill maintenance and repair, [&hellip;]<\/p>\n","protected":false},"author":3,"featured_media":0,"parent":0,"menu_order":0,"comment_status":"closed","ping_status":"closed","template":"","meta":{"_et_pb_use_builder":"on","_et_pb_old_content":"","_et_gb_content_width":"","footnotes":""},"class_list":["post-768","page","type-page","status-publish","hentry"],"_links":{"self":[{"href":"http:\/\/castle-canada.dd.catchdrive.dev\/en\/index.php\/wp-json\/wp\/v2\/pages\/768","targetHints":{"allow":["GET"]}}],"collection":[{"href":"http:\/\/castle-canada.dd.catchdrive.dev\/en\/index.php\/wp-json\/wp\/v2\/pages"}],"about":[{"href":"http:\/\/castle-canada.dd.catchdrive.dev\/en\/index.php\/wp-json\/wp\/v2\/types\/page"}],"author":[{"embeddable":true,"href":"http:\/\/castle-canada.dd.catchdrive.dev\/en\/index.php\/wp-json\/wp\/v2\/users\/3"}],"replies":[{"embeddable":true,"href":"http:\/\/castle-canada.dd.catchdrive.dev\/en\/index.php\/wp-json\/wp\/v2\/comments?post=768"}],"version-history":[{"count":3,"href":"http:\/\/castle-canada.dd.catchdrive.dev\/en\/index.php\/wp-json\/wp\/v2\/pages\/768\/revisions"}],"predecessor-version":[{"id":793,"href":"http:\/\/castle-canada.dd.catchdrive.dev\/en\/index.php\/wp-json\/wp\/v2\/pages\/768\/revisions\/793"}],"wp:attachment":[{"href":"http:\/\/castle-canada.dd.catchdrive.dev\/en\/index.php\/wp-json\/wp\/v2\/media?parent=768"}],"curies":[{"name":"wp","href":"https:\/\/api.w.org\/{rel}","templated":true}]}}